{"id":434,"date":"2023-03-02T15:55:19","date_gmt":"2023-03-02T15:55:19","guid":{"rendered":"https:\/\/www.vlvtexteis.com\/projetos-sociais\/"},"modified":"2023-03-03T18:02:46","modified_gmt":"2023-03-03T18:02:46","slug":"proyectos-sociales","status":"publish","type":"page","link":"https:\/\/www.vlvtexteis.com\/es\/proyectos-sociales\/","title":{"rendered":"Proyectos Sociales"},"content":{"rendered":"\n<h2 class=\"wp-block-heading\">Proyectos sociales: Uni\u00e3o Desportiva de S\u00e3o Ver\u00edssimo<\/h2>\n\n\n\n<figure class=\"wp-block-image size-full\"><img loading=\"lazy\" decoding=\"async\" width=\"418\" height=\"175\" src=\"https:\/\/www.vlvtexteis.com\/wp-content\/uploads\/2023\/03\/socialproject.png\" alt=\"\" class=\"wp-image-58\" srcset=\"https:\/\/www.vlvtexteis.com\/wp-content\/uploads\/2023\/03\/socialproject.png 418w, https:\/\/www.vlvtexteis.com\/wp-content\/uploads\/2023\/03\/socialproject-300x126.png 300w\" sizes=\"auto, (max-width: 418px) 100vw, 418px\" \/><\/figure>\n\n\n\n<p>(&#8230;) Somos conscientes de la importancia de la pr\u00e1ctica deportiva en el desarrollo de ni\u00f1os y adolescentes en todo el pa\u00eds, incluido nuestro distrito. La pr\u00e1ctica deportiva no solo favorece el desarrollo f\u00edsico saludable, sino que permite alejar de la calle y de los h\u00e1bitos poco saludables a muchos ni\u00f1os y adolescentes. Y ese es el cometido de esta asociaci\u00f3n. En este contexto, y motivada por la labor social, VLV T\u00eaxteis patrocina al equipo de juveniles que participa en el campeonato de la primera divisi\u00f3n provincial de la asociaci\u00f3n de f\u00fatbol de Braga.<\/p>\n\n\n\n<p>Visitar Facebook de Uni\u00e3o Desportiva de S\u00e3o Ver\u00edssimo<\/p>\n","protected":false},"excerpt":{"rendered":"<p>Proyectos sociales: Uni\u00e3o Desportiva de S\u00e3o Ver\u00edssimo (&#8230;) Somos conscientes de la importancia de la pr\u00e1ctica deportiva en el desarrollo de ni\u00f1os y adolescentes en todo el pa\u00eds, incluido nuestro distrito. La pr\u00e1ctica deportiva no solo favorece el desarrollo f\u00edsico saludable, sino que permite alejar de la calle y de los h\u00e1bitos poco saludables a muchos ni\u00f1os y adolescentes. Y ese es el cometido de esta asociaci\u00f3n. En este contexto, y motivada por la labor social, VLV T\u00eaxteis patrocina al equipo de juveniles que participa en el campeonato de la primera divisi\u00f3n provincial de la asociaci\u00f3n de f\u00fatbol de Braga.\u2026<\/p>\n","protected":false},"author":1,"featured_media":0,"parent":0,"menu_order":0,"comment_status":"closed","ping_status":"closed","template":"","meta":{"footnotes":""},"class_list":["post-434","page","type-page","status-publish","hentry"],"blocksy_meta":"","featured_image_urls":{"full":"","thumbnail":"","medium":"","medium_large":"","large":"","1536x1536":"","2048x2048":"","gg_gallery_thumbnail":""},"post_excerpt_stackable":"<p>Proyectos sociales: Uni\u00e3o Desportiva de S\u00e3o Ver\u00edssimo (&#8230;) Somos conscientes de la importancia de la pr\u00e1ctica deportiva en el desarrollo de ni\u00f1os y adolescentes en todo el pa\u00eds, incluido nuestro distrito. La pr\u00e1ctica deportiva no solo favorece el desarrollo f\u00edsico saludable, sino que permite alejar de la calle y de los h\u00e1bitos poco saludables a muchos ni\u00f1os y adolescentes. Y ese es el cometido de esta asociaci\u00f3n. En este contexto, y motivada por la labor social, VLV T\u00eaxteis patrocina al equipo de juveniles que participa en el campeonato de la primera divisi\u00f3n provincial de la asociaci\u00f3n de f\u00fatbol de Braga.&hellip;<\/p>\n","category_list":"","author_info":{"name":"brandit","url":"https:\/\/www.vlvtexteis.com\/es\/author\/brandit\/"},"comments_num":"0 comentarios","yoast_head":"<!-- This site is optimized with the Yoast SEO plugin v20.3 - https:\/\/yoast.com\/wordpress\/plugins\/seo\/ -->\n<title>Proyectos Sociales - VLV t\u00eaxteis, lda.<\/title>\n<meta name=\"robots\" content=\"index, follow, max-snippet:-1, max-image-preview:large, max-video-preview:-1\" \/>\n<link rel=\"canonical\" href=\"https:\/\/www.vlvtexteis.com\/es\/proyectos-sociales\/\" \/>\n<meta property=\"og:locale\" content=\"es_ES\" \/>\n<meta property=\"og:type\" content=\"article\" \/>\n<meta property=\"og:title\" content=\"Proyectos Sociales - VLV t\u00eaxteis, lda.\" \/>\n<meta property=\"og:description\" content=\"Proyectos sociales: Uni\u00e3o Desportiva de S\u00e3o Ver\u00edssimo (&#8230;) Somos conscientes de la importancia de la pr\u00e1ctica deportiva en el desarrollo de ni\u00f1os y adolescentes en todo el pa\u00eds, incluido nuestro distrito. La pr\u00e1ctica deportiva no solo favorece el desarrollo f\u00edsico saludable, sino que permite alejar de la calle y de los h\u00e1bitos poco saludables a muchos ni\u00f1os y adolescentes. Y ese es el cometido de esta asociaci\u00f3n. En este contexto, y motivada por la labor social, VLV T\u00eaxteis patrocina al equipo de juveniles que participa en el campeonato de la primera divisi\u00f3n provincial de la asociaci\u00f3n de f\u00fatbol de Braga.\u2026\" \/>\n<meta property=\"og:url\" content=\"https:\/\/www.vlvtexteis.com\/es\/proyectos-sociales\/\" \/>\n<meta property=\"og:site_name\" content=\"VLV t\u00eaxteis, lda.\" \/>\n<meta property=\"article:modified_time\" content=\"2023-03-03T18:02:46+00:00\" \/>\n<meta property=\"og:image\" content=\"https:\/\/www.vlvtexteis.com\/wp-content\/uploads\/2023\/03\/socialproject.png\" \/>\n<meta name=\"twitter:card\" content=\"summary_large_image\" \/>\n<meta name=\"twitter:label1\" content=\"Tiempo de lectura\" \/>\n\t<meta name=\"twitter:data1\" content=\"1 minuto\" \/>\n<script type=\"application\/ld+json\" class=\"yoast-schema-graph\">{\"@context\":\"https:\/\/schema.org\",\"@graph\":[{\"@type\":\"WebPage\",\"@id\":\"https:\/\/www.vlvtexteis.com\/es\/proyectos-sociales\/\",\"url\":\"https:\/\/www.vlvtexteis.com\/es\/proyectos-sociales\/\",\"name\":\"Proyectos Sociales - VLV t\u00eaxteis, lda.\",\"isPartOf\":{\"@id\":\"https:\/\/www.vlvtexteis.com\/es\/#website\"},\"datePublished\":\"2023-03-02T15:55:19+00:00\",\"dateModified\":\"2023-03-03T18:02:46+00:00\",\"breadcrumb\":{\"@id\":\"https:\/\/www.vlvtexteis.com\/es\/proyectos-sociales\/#breadcrumb\"},\"inLanguage\":\"es\",\"potentialAction\":[{\"@type\":\"ReadAction\",\"target\":[\"https:\/\/www.vlvtexteis.com\/es\/proyectos-sociales\/\"]}]},{\"@type\":\"BreadcrumbList\",\"@id\":\"https:\/\/www.vlvtexteis.com\/es\/proyectos-sociales\/#breadcrumb\",\"itemListElement\":[{\"@type\":\"ListItem\",\"position\":1,\"name\":\"In\u00edcio\",\"item\":\"https:\/\/www.vlvtexteis.com\/es\/\"},{\"@type\":\"ListItem\",\"position\":2,\"name\":\"Proyectos Sociales\"}]},{\"@type\":\"WebSite\",\"@id\":\"https:\/\/www.vlvtexteis.com\/es\/#website\",\"url\":\"https:\/\/www.vlvtexteis.com\/es\/\",\"name\":\"VLV T\u00eaxteis, Lda.\",\"description\":\"Fabricante de malhas em Tamel (S\u00e3o Ver\u00edssimo)\",\"publisher\":{\"@id\":\"https:\/\/www.vlvtexteis.com\/es\/#organization\"},\"alternateName\":\"VLVTexteis\",\"potentialAction\":[{\"@type\":\"SearchAction\",\"target\":{\"@type\":\"EntryPoint\",\"urlTemplate\":\"https:\/\/www.vlvtexteis.com\/es\/?s={search_term_string}\"},\"query-input\":\"required name=search_term_string\"}],\"inLanguage\":\"es\"},{\"@type\":\"Organization\",\"@id\":\"https:\/\/www.vlvtexteis.com\/es\/#organization\",\"name\":\"VLV T\u00eaxtil, Lda.\",\"alternateName\":\"VLVT\u00eaxtil\",\"url\":\"https:\/\/www.vlvtexteis.com\/es\/\",\"logo\":{\"@type\":\"ImageObject\",\"inLanguage\":\"es\",\"@id\":\"https:\/\/www.vlvtexteis.com\/es\/#\/schema\/logo\/image\/\",\"url\":\"https:\/\/www.vlvtexteis.com\/wp-content\/uploads\/2023\/03\/vlvtexteis-logo.png\",\"contentUrl\":\"https:\/\/www.vlvtexteis.com\/wp-content\/uploads\/2023\/03\/vlvtexteis-logo.png\",\"width\":180,\"height\":89,\"caption\":\"VLV T\u00eaxtil, Lda.\"},\"image\":{\"@id\":\"https:\/\/www.vlvtexteis.com\/es\/#\/schema\/logo\/image\/\"}}]}<\/script>\n<!-- \/ Yoast SEO plugin. -->","yoast_head_json":{"title":"Proyectos Sociales - VLV t\u00eaxteis, lda.","robots":{"index":"index","follow":"follow","max-snippet":"max-snippet:-1","max-image-preview":"max-image-preview:large","max-video-preview":"max-video-preview:-1"},"canonical":"https:\/\/www.vlvtexteis.com\/es\/proyectos-sociales\/","og_locale":"es_ES","og_type":"article","og_title":"Proyectos Sociales - VLV t\u00eaxteis, lda.","og_description":"Proyectos sociales: Uni\u00e3o Desportiva de S\u00e3o Ver\u00edssimo (&#8230;) Somos conscientes de la importancia de la pr\u00e1ctica deportiva en el desarrollo de ni\u00f1os y adolescentes en todo el pa\u00eds, incluido nuestro distrito. La pr\u00e1ctica deportiva no solo favorece el desarrollo f\u00edsico saludable, sino que permite alejar de la calle y de los h\u00e1bitos poco saludables a muchos ni\u00f1os y adolescentes. Y ese es el cometido de esta asociaci\u00f3n. En este contexto, y motivada por la labor social, VLV T\u00eaxteis patrocina al equipo de juveniles que participa en el campeonato de la primera divisi\u00f3n provincial de la asociaci\u00f3n de f\u00fatbol de Braga.\u2026","og_url":"https:\/\/www.vlvtexteis.com\/es\/proyectos-sociales\/","og_site_name":"VLV t\u00eaxteis, lda.","article_modified_time":"2023-03-03T18:02:46+00:00","og_image":[{"url":"https:\/\/www.vlvtexteis.com\/wp-content\/uploads\/2023\/03\/socialproject.png"}],"twitter_card":"summary_large_image","twitter_misc":{"Tiempo de lectura":"1 minuto"},"schema":{"@context":"https:\/\/schema.org","@graph":[{"@type":"WebPage","@id":"https:\/\/www.vlvtexteis.com\/es\/proyectos-sociales\/","url":"https:\/\/www.vlvtexteis.com\/es\/proyectos-sociales\/","name":"Proyectos Sociales - VLV t\u00eaxteis, lda.","isPartOf":{"@id":"https:\/\/www.vlvtexteis.com\/es\/#website"},"datePublished":"2023-03-02T15:55:19+00:00","dateModified":"2023-03-03T18:02:46+00:00","breadcrumb":{"@id":"https:\/\/www.vlvtexteis.com\/es\/proyectos-sociales\/#breadcrumb"},"inLanguage":"es","potentialAction":[{"@type":"ReadAction","target":["https:\/\/www.vlvtexteis.com\/es\/proyectos-sociales\/"]}]},{"@type":"BreadcrumbList","@id":"https:\/\/www.vlvtexteis.com\/es\/proyectos-sociales\/#breadcrumb","itemListElement":[{"@type":"ListItem","position":1,"name":"In\u00edcio","item":"https:\/\/www.vlvtexteis.com\/es\/"},{"@type":"ListItem","position":2,"name":"Proyectos Sociales"}]},{"@type":"WebSite","@id":"https:\/\/www.vlvtexteis.com\/es\/#website","url":"https:\/\/www.vlvtexteis.com\/es\/","name":"VLV T\u00eaxteis, Lda.","description":"Fabricante de malhas em Tamel (S\u00e3o Ver\u00edssimo)","publisher":{"@id":"https:\/\/www.vlvtexteis.com\/es\/#organization"},"alternateName":"VLVTexteis","potentialAction":[{"@type":"SearchAction","target":{"@type":"EntryPoint","urlTemplate":"https:\/\/www.vlvtexteis.com\/es\/?s={search_term_string}"},"query-input":"required name=search_term_string"}],"inLanguage":"es"},{"@type":"Organization","@id":"https:\/\/www.vlvtexteis.com\/es\/#organization","name":"VLV T\u00eaxtil, Lda.","alternateName":"VLVT\u00eaxtil","url":"https:\/\/www.vlvtexteis.com\/es\/","logo":{"@type":"ImageObject","inLanguage":"es","@id":"https:\/\/www.vlvtexteis.com\/es\/#\/schema\/logo\/image\/","url":"https:\/\/www.vlvtexteis.com\/wp-content\/uploads\/2023\/03\/vlvtexteis-logo.png","contentUrl":"https:\/\/www.vlvtexteis.com\/wp-content\/uploads\/2023\/03\/vlvtexteis-logo.png","width":180,"height":89,"caption":"VLV T\u00eaxtil, Lda."},"image":{"@id":"https:\/\/www.vlvtexteis.com\/es\/#\/schema\/logo\/image\/"}}]}},"_links":{"self":[{"href":"https:\/\/www.vlvtexteis.com\/es\/wp-json\/wp\/v2\/pages\/434","targetHints":{"allow":["GET"]}}],"collection":[{"href":"https:\/\/www.vlvtexteis.com\/es\/wp-json\/wp\/v2\/pages"}],"about":[{"href":"https:\/\/www.vlvtexteis.com\/es\/wp-json\/wp\/v2\/types\/page"}],"author":[{"embeddable":true,"href":"https:\/\/www.vlvtexteis.com\/es\/wp-json\/wp\/v2\/users\/1"}],"replies":[{"embeddable":true,"href":"https:\/\/www.vlvtexteis.com\/es\/wp-json\/wp\/v2\/comments?post=434"}],"version-history":[{"count":0,"href":"https:\/\/www.vlvtexteis.com\/es\/wp-json\/wp\/v2\/pages\/434\/revisions"}],"wp:attachment":[{"href":"https:\/\/www.vlvtexteis.com\/es\/wp-json\/wp\/v2\/media?parent=434"}],"curies":[{"name":"wp","href":"https:\/\/api.w.org\/{rel}","templated":true}]}}