{"id":442,"date":"2023-03-02T15:33:46","date_gmt":"2023-03-02T15:33:46","guid":{"rendered":"https:\/\/www.vlvtexteis.com\/quem-somos\/"},"modified":"2023-03-28T16:04:24","modified_gmt":"2023-03-28T15:04:24","slug":"quienes-somos-es","status":"publish","type":"page","link":"https:\/\/www.vlvtexteis.com\/es\/quienes-somos-es\/","title":{"rendered":"Quem somos"},"content":{"rendered":"\n<h2 class=\"wp-block-heading\">La excelencia, la coherencia, la competitividad y la comunicaci\u00f3n son nuestros lemas.<\/h2>\n\n\n\n<p>La sede de VLV T\u00eaxteis, fundada en 1991, se encuentra en el valle del C\u00e1vado y del Ave, el eje de la industria textil portuguesa.<br>Somos especialistas en la producci\u00f3n de vestuario, as\u00ed como en el universo de aplicaciones y procesos vinculados a esta actividad.<br>Nuestros cualificados operarios y controladores garantizan la m\u00e1xima calidad de los productos seg\u00fan las especificaciones de cada cliente.<\/p>\n\n\n<div id=\"grid-gallery-4-60448\" data-gg-id=\"4\" data-title=\"teste 1\" data-grid-type=\"0\" data-offset=\"10.3\" data-area-position=\"center\" data-icons=\"false\" data-preloader=\"false\" data-width=\"400\" data-height=\"300\" data-padding=\"0\" data-quicksand=\"disabled\" data-quicksand-duration=\"none\" data-popup-theme=\"theme_3\" data-popup-type=\"colorbox\" data-popup-fadeOut=\"300\" data-popup-captions=\"hide\" data-popup-image-text=\"alt\" data-popup-widthsize=\"auto\" data-popup-heightsize=\"auto\" data-popup-i18n-words=\"{&quot;close&quot;:&quot;fechar&quot;,&quot;next&quot;:&quot;pr\\u00f3ximo&quot;,&quot;previous&quot;:&quot;anterior&quot;,&quot;start_slideshow&quot;:&quot;Come\\u00e7ar o Slideshow&quot;,&quot;stop_slideshow&quot;:&quot;Parar slideshow&quot;,&quot;image&quot;:&quot;imagem&quot;,&quot;of&quot;:&quot;de&quot;,&quot;prev&quot;:&quot;prev&quot;,&quot;cExpand&quot;:&quot;Expand&quot;,&quot;cPrevious&quot;:&quot;Previous&quot;,&quot;cNext&quot;:&quot;Pr\\u00f3ximo&quot;,&quot;cExpandStr&quot;:&quot;Expand the image&quot;,&quot;cRotate&quot;:&quot;Rotate&quot;,&quot;cDetails&quot;:&quot;Details&quot;}\" data-popup-slideshow=\"false\" data-popup-slideshow-speed=\"2500\" data-popup-hoverstop=\"true\" data-popup-slideshow-auto=\"false\" data-popup-background=\"\" data-popup-transparency=\"30\" data-popup-disable-history=\"\" data-popup-disable-changed-url=\"\" data-popup-border-type=\"solid\" data-popup-border-color=\"\" data-popup-border-width=\"\" data-popup-border-enable=\"\" data-fullscreen=\"false\" data-hide-tooltip=\"false\" data-caption-font-family=\"Default\" data-caption-text-size=\"14px\" data-is-mobile=\"0\" data-caption-mobile=\"false\" data-hide-long-tltp-title=\"1\" data-caption-disabled-on-mobile=\"false\" data-popup-placement-type=\"0\" data-social-sharing=\"{&quot;enabled&quot;:&quot;&quot;,&quot;gallerySharing&quot;:{&quot;enabled&quot;:null,&quot;position&quot;:null},&quot;imageSharing&quot;:{&quot;enabled&quot;:null,&quot;wrapperClass&quot;:&quot; vertical &quot;},&quot;popupSharing&quot;:{&quot;enabled&quot;:null,&quot;wrapperClass&quot;:&quot; vertical &quot;}}\" class=\"grid-gallery grid-gallery-fixed \" style=\" width:100%; height:auto; margin-left:auto; margin-right:auto;position:relative;\"> <div class=\"gallery-sharing-top\"><\/div> <div id=\"photos-4\" class=\"grid-gallery-photos\"><a id=\"gg-4-27\" class=\"gg-link gg-colorbox\" data-attachment-id=\"171\" href=\"https:\/\/www.vlvtexteis.com\/wp-content\/uploads\/2023\/03\/vlv_BI_8946.jpg?gid=4\" target=\"_self\" title=\"vlv_BI_8946\" rel=\"\" style=\"border-radius:0px;\" ><FIGURE class=\"grid-gallery-caption\" data-grid-gallery-type=\"none\" data-index=\"0\" style=\"display:none;border-radius:0px;; margin:10.3px; width:400px;\" ><div class=\"crop\" style=\" width:400px; height:300px; overflow:hidden;\"><img decoding=\"async\" src=\"https:\/\/www.vlvtexteis.com\/wp-content\/uploads\/2023\/03\/vlv_BI_8946-400x300.jpg\" class=\"ggImg\" alt=\"vlv_BI_8946\" title=\"vlv_BI_8946\" data-description=\"vlv_BI_8946\" data-caption=\"vlv_BI_8946\" data-title=\"vlv_BI_8946\" style=\" width:400px; height:300px;\" \/><\/div><FIGCAPTION class=\"\" data-alpha=\"5\" style=\"color:#ffffff; background-color:#0a0000; font-size:14px; text-align:left; font-family:Default; opacity:1; bottom:0;\" ><div class=\"grid-gallery-figcaption-wrap\" style=\" vertical-align:top;\"><\/div><\/FIGCAPTION><\/FIGURE><\/a><a id=\"gg-4-28\" class=\"gg-link gg-colorbox\" data-attachment-id=\"172\" href=\"https:\/\/www.vlvtexteis.com\/wp-content\/uploads\/2023\/03\/vlv_BI_8974-02.jpg?gid=4\" target=\"_self\" title=\"vlv_BI_8974-02\" rel=\"\" style=\"border-radius:0px;\" ><FIGURE class=\"grid-gallery-caption\" data-grid-gallery-type=\"none\" data-index=\"1\" style=\"display:none;border-radius:0px;; margin:10.3px; width:400px;\" ><div class=\"crop\" style=\" width:400px; height:300px; overflow:hidden;\"><img decoding=\"async\" src=\"https:\/\/www.vlvtexteis.com\/wp-content\/uploads\/2023\/03\/vlv_BI_8974-02-400x300.jpg\" class=\"ggImg\" alt=\"vlv_BI_8974-02\" title=\"vlv_BI_8974-02\" data-description=\"vlv_BI_8974-02\" data-caption=\"vlv_BI_8974-02\" data-title=\"vlv_BI_8974-02\" style=\" width:400px; height:300px;\" \/><\/div><FIGCAPTION class=\"\" data-alpha=\"5\" style=\"color:#ffffff; background-color:#0a0000; font-size:14px; text-align:left; font-family:Default; opacity:1; bottom:0;\" ><div class=\"grid-gallery-figcaption-wrap\" style=\" vertical-align:top;\"><\/div><\/FIGCAPTION><\/FIGURE><\/a> <div class=\"grid-gallery-clearfix\"><\/div> <\/div> <div class=\"gallery-sharing-bottom\"><\/div> <div class=\"grid-gallery-clearfix\"><\/div> <\/div> <!-- Gallery by Supsystic plugin1.15.12 -->\n\n\n<p>Transformamos r\u00e1pidamente el concepto o dise\u00f1o de cada comprador en un producto listo para su fabricaci\u00f3n, para lo cual utilizamos nuestros mejores recursos humanos y equipos.<br>Participar\u00e1n en el proceso de producci\u00f3n tanto como deseen.<br>Siempre estamos a su disposici\u00f3n para atenderle, por tel\u00e9fono, correo electr\u00f3nico, videoconferencia o presencialmente.<br>Adem\u00e1s de nuestra reputaci\u00f3n, nuestra ubicaci\u00f3n geogr\u00e1fica y nuestro fuerte v\u00ednculo con la comunidad, as\u00ed como con proyectos y empresas locales nos permiten tener un tiempo de respuesta y de producci\u00f3n r\u00e1pido y favorable.<br>Dentro de cada segmento, producimos una amplia gama de art\u00edculos. Los materiales utilizados, as\u00ed como el tipo y la composici\u00f3n del tejido, var\u00edan seg\u00fan los deseos del cliente.<br>Actualmente, las secciones de la empresa que est\u00e1n en funcionamiento son las de patronaje, corte autom\u00e1tico, confecci\u00f3n y acabado. No obstante, nuestro equipo, que est\u00e1 en constante formaci\u00f3n, tiene la capacidad de adaptarse a los cambios para incorporar nuevas ideas y proyectos.<\/p>\n\n\n\n<p>Este complejo proceso de adquisici\u00f3n de conocimientos, desarrollo de valores y estructuraci\u00f3n de la empresa nos permite mantener una buena relaci\u00f3n comercial y un elevado nivel de satisfacci\u00f3n entre quienes demandan nuestros servicios.<\/p>\n","protected":false},"excerpt":{"rendered":"<p>La excelencia, la coherencia, la competitividad y la comunicaci\u00f3n son nuestros lemas. La sede de VLV T\u00eaxteis, fundada en 1991, se encuentra en el valle del C\u00e1vado y del Ave, el eje de la industria textil portuguesa.Somos especialistas en la producci\u00f3n de vestuario, as\u00ed como en el universo de aplicaciones y procesos vinculados a esta actividad.Nuestros cualificados operarios y controladores garantizan la m\u00e1xima calidad de los productos seg\u00fan las especificaciones de cada cliente. Transformamos r\u00e1pidamente el concepto o dise\u00f1o de cada comprador en un producto listo para su fabricaci\u00f3n, para lo cual utilizamos nuestros mejores recursos humanos y equipos.Participar\u00e1n en\u2026<\/p>\n","protected":false},"author":1,"featured_media":0,"parent":0,"menu_order":0,"comment_status":"closed","ping_status":"closed","template":"","meta":{"footnotes":""},"class_list":["post-442","page","type-page","status-publish","hentry"],"blocksy_meta":"","featured_image_urls":{"full":"","thumbnail":"","medium":"","medium_large":"","large":"","1536x1536":"","2048x2048":"","gg_gallery_thumbnail":""},"post_excerpt_stackable":"<p>La excelencia, la coherencia, la competitividad y la comunicaci\u00f3n son nuestros lemas. La sede de VLV T\u00eaxteis, fundada en 1991, se encuentra en el valle del C\u00e1vado y del Ave, el eje de la industria textil portuguesa.Somos especialistas en la producci\u00f3n de vestuario, as\u00ed como en el universo de aplicaciones y procesos vinculados a esta actividad.Nuestros cualificados operarios y controladores garantizan la m\u00e1xima calidad de los productos seg\u00fan las especificaciones de cada cliente. Transformamos r\u00e1pidamente el concepto o dise\u00f1o de cada comprador en un producto listo para su fabricaci\u00f3n, para lo cual utilizamos nuestros mejores recursos humanos y equipos.Participar\u00e1n en&hellip;<\/p>\n","category_list":"","author_info":{"name":"brandit","url":"https:\/\/www.vlvtexteis.com\/es\/author\/brandit\/"},"comments_num":"0 comentarios","yoast_head":"<!-- This site is optimized with the Yoast SEO plugin v20.3 - https:\/\/yoast.com\/wordpress\/plugins\/seo\/ -->\n<title>Quem somos - VLV t\u00eaxteis, lda.<\/title>\n<meta name=\"robots\" content=\"index, follow, max-snippet:-1, max-image-preview:large, max-video-preview:-1\" \/>\n<link rel=\"canonical\" href=\"https:\/\/www.vlvtexteis.com\/es\/quienes-somos-es\/\" \/>\n<meta property=\"og:locale\" content=\"es_ES\" \/>\n<meta property=\"og:type\" content=\"article\" \/>\n<meta property=\"og:title\" content=\"Quem somos - VLV t\u00eaxteis, lda.\" \/>\n<meta property=\"og:description\" content=\"La excelencia, la coherencia, la competitividad y la comunicaci\u00f3n son nuestros lemas. La sede de VLV T\u00eaxteis, fundada en 1991, se encuentra en el valle del C\u00e1vado y del Ave, el eje de la industria textil portuguesa.Somos especialistas en la producci\u00f3n de vestuario, as\u00ed como en el universo de aplicaciones y procesos vinculados a esta actividad.Nuestros cualificados operarios y controladores garantizan la m\u00e1xima calidad de los productos seg\u00fan las especificaciones de cada cliente. Transformamos r\u00e1pidamente el concepto o dise\u00f1o de cada comprador en un producto listo para su fabricaci\u00f3n, para lo cual utilizamos nuestros mejores recursos humanos y equipos.Participar\u00e1n en\u2026\" \/>\n<meta property=\"og:url\" content=\"https:\/\/www.vlvtexteis.com\/es\/quienes-somos-es\/\" \/>\n<meta property=\"og:site_name\" content=\"VLV t\u00eaxteis, lda.\" \/>\n<meta property=\"article:modified_time\" content=\"2023-03-28T15:04:24+00:00\" \/>\n<meta property=\"og:image\" content=\"https:\/\/www.vlvtexteis.com\/wp-content\/uploads\/2023\/03\/vlvtexteis-logo.png\" \/>\n\t<meta property=\"og:image:width\" content=\"180\" \/>\n\t<meta property=\"og:image:height\" content=\"89\" \/>\n\t<meta property=\"og:image:type\" content=\"image\/png\" \/>\n<meta name=\"twitter:card\" content=\"summary_large_image\" \/>\n<meta name=\"twitter:label1\" content=\"Tiempo de lectura\" \/>\n\t<meta name=\"twitter:data1\" content=\"2 minutos\" \/>\n<script type=\"application\/ld+json\" class=\"yoast-schema-graph\">{\"@context\":\"https:\/\/schema.org\",\"@graph\":[{\"@type\":\"WebPage\",\"@id\":\"https:\/\/www.vlvtexteis.com\/es\/quienes-somos-es\/\",\"url\":\"https:\/\/www.vlvtexteis.com\/es\/quienes-somos-es\/\",\"name\":\"Quem somos - VLV t\u00eaxteis, lda.\",\"isPartOf\":{\"@id\":\"https:\/\/www.vlvtexteis.com\/es\/#website\"},\"datePublished\":\"2023-03-02T15:33:46+00:00\",\"dateModified\":\"2023-03-28T15:04:24+00:00\",\"breadcrumb\":{\"@id\":\"https:\/\/www.vlvtexteis.com\/es\/quienes-somos-es\/#breadcrumb\"},\"inLanguage\":\"es\",\"potentialAction\":[{\"@type\":\"ReadAction\",\"target\":[\"https:\/\/www.vlvtexteis.com\/es\/quienes-somos-es\/\"]}]},{\"@type\":\"BreadcrumbList\",\"@id\":\"https:\/\/www.vlvtexteis.com\/es\/quienes-somos-es\/#breadcrumb\",\"itemListElement\":[{\"@type\":\"ListItem\",\"position\":1,\"name\":\"In\u00edcio\",\"item\":\"https:\/\/www.vlvtexteis.com\/es\/\"},{\"@type\":\"ListItem\",\"position\":2,\"name\":\"Quem somos\"}]},{\"@type\":\"WebSite\",\"@id\":\"https:\/\/www.vlvtexteis.com\/es\/#website\",\"url\":\"https:\/\/www.vlvtexteis.com\/es\/\",\"name\":\"VLV T\u00eaxteis, Lda.\",\"description\":\"Fabricante de malhas em Tamel (S\u00e3o Ver\u00edssimo)\",\"publisher\":{\"@id\":\"https:\/\/www.vlvtexteis.com\/es\/#organization\"},\"alternateName\":\"VLVTexteis\",\"potentialAction\":[{\"@type\":\"SearchAction\",\"target\":{\"@type\":\"EntryPoint\",\"urlTemplate\":\"https:\/\/www.vlvtexteis.com\/es\/?s={search_term_string}\"},\"query-input\":\"required name=search_term_string\"}],\"inLanguage\":\"es\"},{\"@type\":\"Organization\",\"@id\":\"https:\/\/www.vlvtexteis.com\/es\/#organization\",\"name\":\"VLV T\u00eaxtil, Lda.\",\"alternateName\":\"VLVT\u00eaxtil\",\"url\":\"https:\/\/www.vlvtexteis.com\/es\/\",\"logo\":{\"@type\":\"ImageObject\",\"inLanguage\":\"es\",\"@id\":\"https:\/\/www.vlvtexteis.com\/es\/#\/schema\/logo\/image\/\",\"url\":\"https:\/\/www.vlvtexteis.com\/wp-content\/uploads\/2023\/03\/vlvtexteis-logo.png\",\"contentUrl\":\"https:\/\/www.vlvtexteis.com\/wp-content\/uploads\/2023\/03\/vlvtexteis-logo.png\",\"width\":180,\"height\":89,\"caption\":\"VLV T\u00eaxtil, Lda.\"},\"image\":{\"@id\":\"https:\/\/www.vlvtexteis.com\/es\/#\/schema\/logo\/image\/\"}}]}<\/script>\n<!-- \/ Yoast SEO plugin. -->","yoast_head_json":{"title":"Quem somos - VLV t\u00eaxteis, lda.","robots":{"index":"index","follow":"follow","max-snippet":"max-snippet:-1","max-image-preview":"max-image-preview:large","max-video-preview":"max-video-preview:-1"},"canonical":"https:\/\/www.vlvtexteis.com\/es\/quienes-somos-es\/","og_locale":"es_ES","og_type":"article","og_title":"Quem somos - VLV t\u00eaxteis, lda.","og_description":"La excelencia, la coherencia, la competitividad y la comunicaci\u00f3n son nuestros lemas. La sede de VLV T\u00eaxteis, fundada en 1991, se encuentra en el valle del C\u00e1vado y del Ave, el eje de la industria textil portuguesa.Somos especialistas en la producci\u00f3n de vestuario, as\u00ed como en el universo de aplicaciones y procesos vinculados a esta actividad.Nuestros cualificados operarios y controladores garantizan la m\u00e1xima calidad de los productos seg\u00fan las especificaciones de cada cliente. Transformamos r\u00e1pidamente el concepto o dise\u00f1o de cada comprador en un producto listo para su fabricaci\u00f3n, para lo cual utilizamos nuestros mejores recursos humanos y equipos.Participar\u00e1n en\u2026","og_url":"https:\/\/www.vlvtexteis.com\/es\/quienes-somos-es\/","og_site_name":"VLV t\u00eaxteis, lda.","article_modified_time":"2023-03-28T15:04:24+00:00","og_image":[{"width":180,"height":89,"url":"https:\/\/www.vlvtexteis.com\/wp-content\/uploads\/2023\/03\/vlvtexteis-logo.png","type":"image\/png"}],"twitter_card":"summary_large_image","twitter_misc":{"Tiempo de lectura":"2 minutos"},"schema":{"@context":"https:\/\/schema.org","@graph":[{"@type":"WebPage","@id":"https:\/\/www.vlvtexteis.com\/es\/quienes-somos-es\/","url":"https:\/\/www.vlvtexteis.com\/es\/quienes-somos-es\/","name":"Quem somos - VLV t\u00eaxteis, lda.","isPartOf":{"@id":"https:\/\/www.vlvtexteis.com\/es\/#website"},"datePublished":"2023-03-02T15:33:46+00:00","dateModified":"2023-03-28T15:04:24+00:00","breadcrumb":{"@id":"https:\/\/www.vlvtexteis.com\/es\/quienes-somos-es\/#breadcrumb"},"inLanguage":"es","potentialAction":[{"@type":"ReadAction","target":["https:\/\/www.vlvtexteis.com\/es\/quienes-somos-es\/"]}]},{"@type":"BreadcrumbList","@id":"https:\/\/www.vlvtexteis.com\/es\/quienes-somos-es\/#breadcrumb","itemListElement":[{"@type":"ListItem","position":1,"name":"In\u00edcio","item":"https:\/\/www.vlvtexteis.com\/es\/"},{"@type":"ListItem","position":2,"name":"Quem somos"}]},{"@type":"WebSite","@id":"https:\/\/www.vlvtexteis.com\/es\/#website","url":"https:\/\/www.vlvtexteis.com\/es\/","name":"VLV T\u00eaxteis, Lda.","description":"Fabricante de malhas em Tamel (S\u00e3o Ver\u00edssimo)","publisher":{"@id":"https:\/\/www.vlvtexteis.com\/es\/#organization"},"alternateName":"VLVTexteis","potentialAction":[{"@type":"SearchAction","target":{"@type":"EntryPoint","urlTemplate":"https:\/\/www.vlvtexteis.com\/es\/?s={search_term_string}"},"query-input":"required name=search_term_string"}],"inLanguage":"es"},{"@type":"Organization","@id":"https:\/\/www.vlvtexteis.com\/es\/#organization","name":"VLV T\u00eaxtil, Lda.","alternateName":"VLVT\u00eaxtil","url":"https:\/\/www.vlvtexteis.com\/es\/","logo":{"@type":"ImageObject","inLanguage":"es","@id":"https:\/\/www.vlvtexteis.com\/es\/#\/schema\/logo\/image\/","url":"https:\/\/www.vlvtexteis.com\/wp-content\/uploads\/2023\/03\/vlvtexteis-logo.png","contentUrl":"https:\/\/www.vlvtexteis.com\/wp-content\/uploads\/2023\/03\/vlvtexteis-logo.png","width":180,"height":89,"caption":"VLV T\u00eaxtil, Lda."},"image":{"@id":"https:\/\/www.vlvtexteis.com\/es\/#\/schema\/logo\/image\/"}}]}},"_links":{"self":[{"href":"https:\/\/www.vlvtexteis.com\/es\/wp-json\/wp\/v2\/pages\/442","targetHints":{"allow":["GET"]}}],"collection":[{"href":"https:\/\/www.vlvtexteis.com\/es\/wp-json\/wp\/v2\/pages"}],"about":[{"href":"https:\/\/www.vlvtexteis.com\/es\/wp-json\/wp\/v2\/types\/page"}],"author":[{"embeddable":true,"href":"https:\/\/www.vlvtexteis.com\/es\/wp-json\/wp\/v2\/users\/1"}],"replies":[{"embeddable":true,"href":"https:\/\/www.vlvtexteis.com\/es\/wp-json\/wp\/v2\/comments?post=442"}],"version-history":[{"count":1,"href":"https:\/\/www.vlvtexteis.com\/es\/wp-json\/wp\/v2\/pages\/442\/revisions"}],"predecessor-version":[{"id":581,"href":"https:\/\/www.vlvtexteis.com\/es\/wp-json\/wp\/v2\/pages\/442\/revisions\/581"}],"wp:attachment":[{"href":"https:\/\/www.vlvtexteis.com\/es\/wp-json\/wp\/v2\/media?parent=442"}],"curies":[{"name":"wp","href":"https:\/\/api.w.org\/{rel}","templated":true}]}}