{"id":473,"date":"2023-03-02T12:31:48","date_gmt":"2023-03-02T12:31:48","guid":{"rendered":"https:\/\/www.vlvtexteis.com\/pagina-exemplo\/"},"modified":"2023-03-06T10:36:08","modified_gmt":"2023-03-06T10:36:08","slug":"pagina-exemplo","status":"publish","type":"page","link":"https:\/\/www.vlvtexteis.com\/es\/","title":{"rendered":"P\u00e1gina Inicial"},"content":{"rendered":"\n<div class=\"wp-block-themepunch-revslider revslider\" data-modal=\"false\" data-slidertitle=\"Homepage\" style=\"\">\n\t\t\t<!-- START Homepage REVOLUTION SLIDER 6.6.11 --><p class=\"rs-p-wp-fix\"><\/p>\n\t\t\t<rs-module-wrap id=\"rev_slider_1_1_wrapper\" data-source=\"gallery\" style=\"visibility:hidden;background:transparent;padding:0;margin:0px auto;margin-top:0;margin-bottom:0;\">\n\t\t\t\t<rs-module id=\"rev_slider_1_1\" style=\"\" data-version=\"6.6.11\">\n\t\t\t\t\t<rs-slides style=\"overflow: hidden; position: absolute;\">\n\t\t\t\t\t\t<rs-slide style=\"position: absolute;\" data-key=\"rs-1\" data-title=\"Slide\" data-thumb=\"\/\/www.vlvtexteis.com\/wp-content\/uploads\/2023\/03\/slide1-50x100.jpg\" data-in=\"o:0;\" data-out=\"a:false;\">\n\t\t\t\t\t\t\t<img decoding=\"async\" src=\"\/\/www.vlvtexteis.com\/wp-content\/plugins\/revslider\/public\/assets\/assets\/dummy.png\" alt=\"\" title=\"slide1\" width=\"1920\" height=\"464\" class=\"rev-slidebg tp-rs-img rs-lazyload\" data-lazyload=\"\/\/www.vlvtexteis.com\/wp-content\/uploads\/2023\/03\/slide1.jpg\" data-no-retina>\n<!---->\t\t\t\t\t\t<\/rs-slide>\n\t\t\t\t\t\t<rs-slide style=\"position: absolute;\" data-key=\"rs-2\" data-title=\"Slide\" data-thumb=\"\/\/www.vlvtexteis.com\/wp-content\/uploads\/2023\/03\/consistensy-50x100.jpg\" data-in=\"o:0;\" data-out=\"a:false;\">\n\t\t\t\t\t\t\t<img decoding=\"async\" src=\"\/\/www.vlvtexteis.com\/wp-content\/plugins\/revslider\/public\/assets\/assets\/dummy.png\" alt=\"\" title=\"consistensy\" width=\"1920\" height=\"464\" class=\"rev-slidebg tp-rs-img rs-lazyload\" data-lazyload=\"\/\/www.vlvtexteis.com\/wp-content\/uploads\/2023\/03\/consistensy.jpg\" data-no-retina>\n<!---->\t\t\t\t\t\t<\/rs-slide>\n\t\t\t\t\t\t<rs-slide style=\"position: absolute;\" data-key=\"rs-3\" data-title=\"Slide\" data-thumb=\"\/\/www.vlvtexteis.com\/wp-content\/uploads\/2023\/03\/competitiveness-50x100.jpg\" data-in=\"o:0;\" data-out=\"a:false;\">\n\t\t\t\t\t\t\t<img decoding=\"async\" src=\"\/\/www.vlvtexteis.com\/wp-content\/plugins\/revslider\/public\/assets\/assets\/dummy.png\" alt=\"\" title=\"competitiveness\" width=\"1920\" height=\"464\" class=\"rev-slidebg tp-rs-img rs-lazyload\" data-lazyload=\"\/\/www.vlvtexteis.com\/wp-content\/uploads\/2023\/03\/competitiveness.jpg\" data-no-retina>\n<!---->\t\t\t\t\t\t<\/rs-slide>\n\t\t\t\t\t\t<rs-slide style=\"position: absolute;\" data-key=\"rs-4\" data-title=\"Slide\" data-thumb=\"\/\/www.vlvtexteis.com\/wp-content\/uploads\/2023\/03\/comunication-50x100.jpg\" data-in=\"o:0;\" data-out=\"a:false;\">\n\t\t\t\t\t\t\t<img decoding=\"async\" src=\"\/\/www.vlvtexteis.com\/wp-content\/plugins\/revslider\/public\/assets\/assets\/dummy.png\" alt=\"\" title=\"comunication\" width=\"1920\" height=\"464\" class=\"rev-slidebg tp-rs-img rs-lazyload\" data-lazyload=\"\/\/www.vlvtexteis.com\/wp-content\/uploads\/2023\/03\/comunication.jpg\" data-no-retina>\n<!---->\t\t\t\t\t\t<\/rs-slide>\n\t\t\t\t\t<\/rs-slides>\n\t\t\t\t<\/rs-module>\n\t\t\t\t<script>\n\t\t\t\t\tsetREVStartSize({c: 'rev_slider_1_1',rl:[1240,1024,778,480],el:[470,768,584,720],gw:[1240,1024,778,480],gh:[470,768,960,720],type:'standard',justify:'',layout:'fullwidth',mh:\"0\"});if (window.RS_MODULES!==undefined && window.RS_MODULES.modules!==undefined && window.RS_MODULES.modules[\"revslider11\"]!==undefined) {window.RS_MODULES.modules[\"revslider11\"].once = false;window.revapi1 = undefined;if (window.RS_MODULES.checkMinimal!==undefined) window.RS_MODULES.checkMinimal()}\n\t\t\t\t<\/script>\n\t\t\t<\/rs-module-wrap>\n\t\t\t<!-- END REVOLUTION SLIDER -->\n<\/div>\n","protected":false},"excerpt":{"rendered":"","protected":false},"author":1,"featured_media":0,"parent":0,"menu_order":0,"comment_status":"closed","ping_status":"closed","template":"","meta":{"footnotes":""},"class_list":["post-473","page","type-page","status-publish","hentry"],"blocksy_meta":{"content_style_source":"inherit","has_hero_section":"disabled","vertical_spacing_source":"custom","content_area_spacing":"bottom","page_structure_type":"type-4"},"featured_image_urls":{"full":"","thumbnail":"","medium":"","medium_large":"","large":"","1536x1536":"","2048x2048":"","gg_gallery_thumbnail":""},"post_excerpt_stackable":"","category_list":"","author_info":{"name":"brandit","url":"https:\/\/www.vlvtexteis.com\/es\/author\/brandit\/"},"comments_num":"0 comentarios","yoast_head":"<!-- This site is optimized with the Yoast SEO plugin v20.3 - https:\/\/yoast.com\/wordpress\/plugins\/seo\/ -->\n<title>P\u00e1gina Inicial - VLV t\u00eaxteis, lda.<\/title>\n<meta name=\"robots\" content=\"index, follow, max-snippet:-1, max-image-preview:large, max-video-preview:-1\" \/>\n<link rel=\"canonical\" href=\"https:\/\/www.vlvtexteis.com\/es\/\" \/>\n<meta property=\"og:locale\" content=\"es_ES\" \/>\n<meta property=\"og:type\" content=\"article\" \/>\n<meta property=\"og:title\" content=\"P\u00e1gina Inicial - VLV t\u00eaxteis, lda.\" \/>\n<meta property=\"og:url\" content=\"https:\/\/www.vlvtexteis.com\/es\/\" \/>\n<meta property=\"og:site_name\" content=\"VLV t\u00eaxteis, lda.\" \/>\n<meta property=\"article:modified_time\" content=\"2023-03-06T10:36:08+00:00\" \/>\n<meta property=\"og:image\" content=\"https:\/\/www.vlvtexteis.com\/wp-content\/uploads\/2023\/03\/vlvtexteis-logo.png\" \/>\n\t<meta property=\"og:image:width\" content=\"180\" \/>\n\t<meta property=\"og:image:height\" content=\"89\" \/>\n\t<meta property=\"og:image:type\" content=\"image\/png\" \/>\n<meta name=\"twitter:card\" content=\"summary_large_image\" \/>\n<script type=\"application\/ld+json\" class=\"yoast-schema-graph\">{\"@context\":\"https:\/\/schema.org\",\"@graph\":[{\"@type\":\"WebPage\",\"@id\":\"https:\/\/www.vlvtexteis.com\/es\/\",\"url\":\"https:\/\/www.vlvtexteis.com\/es\/\",\"name\":\"P\u00e1gina Inicial - VLV t\u00eaxteis, lda.\",\"isPartOf\":{\"@id\":\"https:\/\/www.vlvtexteis.com\/es\/#website\"},\"datePublished\":\"2023-03-02T12:31:48+00:00\",\"dateModified\":\"2023-03-06T10:36:08+00:00\",\"breadcrumb\":{\"@id\":\"https:\/\/www.vlvtexteis.com\/es\/#breadcrumb\"},\"inLanguage\":\"es\",\"potentialAction\":[{\"@type\":\"ReadAction\",\"target\":[\"https:\/\/www.vlvtexteis.com\/es\/\"]}]},{\"@type\":\"BreadcrumbList\",\"@id\":\"https:\/\/www.vlvtexteis.com\/es\/#breadcrumb\",\"itemListElement\":[{\"@type\":\"ListItem\",\"position\":1,\"name\":\"In\u00edcio\",\"item\":\"https:\/\/www.vlvtexteis.com\/es\/\"},{\"@type\":\"ListItem\",\"position\":2,\"name\":\"P\u00e1gina Inicial\"}]},{\"@type\":\"WebSite\",\"@id\":\"https:\/\/www.vlvtexteis.com\/es\/#website\",\"url\":\"https:\/\/www.vlvtexteis.com\/es\/\",\"name\":\"VLV T\u00eaxteis, Lda.\",\"description\":\"Fabricante de malhas em Tamel (S\u00e3o Ver\u00edssimo)\",\"publisher\":{\"@id\":\"https:\/\/www.vlvtexteis.com\/es\/#organization\"},\"alternateName\":\"VLVTexteis\",\"potentialAction\":[{\"@type\":\"SearchAction\",\"target\":{\"@type\":\"EntryPoint\",\"urlTemplate\":\"https:\/\/www.vlvtexteis.com\/es\/?s={search_term_string}\"},\"query-input\":\"required name=search_term_string\"}],\"inLanguage\":\"es\"},{\"@type\":\"Organization\",\"@id\":\"https:\/\/www.vlvtexteis.com\/es\/#organization\",\"name\":\"VLV T\u00eaxtil, Lda.\",\"alternateName\":\"VLVT\u00eaxtil\",\"url\":\"https:\/\/www.vlvtexteis.com\/es\/\",\"logo\":{\"@type\":\"ImageObject\",\"inLanguage\":\"es\",\"@id\":\"https:\/\/www.vlvtexteis.com\/es\/#\/schema\/logo\/image\/\",\"url\":\"https:\/\/www.vlvtexteis.com\/wp-content\/uploads\/2023\/03\/vlvtexteis-logo.png\",\"contentUrl\":\"https:\/\/www.vlvtexteis.com\/wp-content\/uploads\/2023\/03\/vlvtexteis-logo.png\",\"width\":180,\"height\":89,\"caption\":\"VLV T\u00eaxtil, Lda.\"},\"image\":{\"@id\":\"https:\/\/www.vlvtexteis.com\/es\/#\/schema\/logo\/image\/\"}}]}<\/script>\n<!-- \/ Yoast SEO plugin. -->","yoast_head_json":{"title":"P\u00e1gina Inicial - VLV t\u00eaxteis, lda.","robots":{"index":"index","follow":"follow","max-snippet":"max-snippet:-1","max-image-preview":"max-image-preview:large","max-video-preview":"max-video-preview:-1"},"canonical":"https:\/\/www.vlvtexteis.com\/es\/","og_locale":"es_ES","og_type":"article","og_title":"P\u00e1gina Inicial - VLV t\u00eaxteis, lda.","og_url":"https:\/\/www.vlvtexteis.com\/es\/","og_site_name":"VLV t\u00eaxteis, lda.","article_modified_time":"2023-03-06T10:36:08+00:00","og_image":[{"width":180,"height":89,"url":"https:\/\/www.vlvtexteis.com\/wp-content\/uploads\/2023\/03\/vlvtexteis-logo.png","type":"image\/png"}],"twitter_card":"summary_large_image","schema":{"@context":"https:\/\/schema.org","@graph":[{"@type":"WebPage","@id":"https:\/\/www.vlvtexteis.com\/es\/","url":"https:\/\/www.vlvtexteis.com\/es\/","name":"P\u00e1gina Inicial - VLV t\u00eaxteis, lda.","isPartOf":{"@id":"https:\/\/www.vlvtexteis.com\/es\/#website"},"datePublished":"2023-03-02T12:31:48+00:00","dateModified":"2023-03-06T10:36:08+00:00","breadcrumb":{"@id":"https:\/\/www.vlvtexteis.com\/es\/#breadcrumb"},"inLanguage":"es","potentialAction":[{"@type":"ReadAction","target":["https:\/\/www.vlvtexteis.com\/es\/"]}]},{"@type":"BreadcrumbList","@id":"https:\/\/www.vlvtexteis.com\/es\/#breadcrumb","itemListElement":[{"@type":"ListItem","position":1,"name":"In\u00edcio","item":"https:\/\/www.vlvtexteis.com\/es\/"},{"@type":"ListItem","position":2,"name":"P\u00e1gina Inicial"}]},{"@type":"WebSite","@id":"https:\/\/www.vlvtexteis.com\/es\/#website","url":"https:\/\/www.vlvtexteis.com\/es\/","name":"VLV T\u00eaxteis, Lda.","description":"Fabricante de malhas em Tamel (S\u00e3o Ver\u00edssimo)","publisher":{"@id":"https:\/\/www.vlvtexteis.com\/es\/#organization"},"alternateName":"VLVTexteis","potentialAction":[{"@type":"SearchAction","target":{"@type":"EntryPoint","urlTemplate":"https:\/\/www.vlvtexteis.com\/es\/?s={search_term_string}"},"query-input":"required name=search_term_string"}],"inLanguage":"es"},{"@type":"Organization","@id":"https:\/\/www.vlvtexteis.com\/es\/#organization","name":"VLV T\u00eaxtil, Lda.","alternateName":"VLVT\u00eaxtil","url":"https:\/\/www.vlvtexteis.com\/es\/","logo":{"@type":"ImageObject","inLanguage":"es","@id":"https:\/\/www.vlvtexteis.com\/es\/#\/schema\/logo\/image\/","url":"https:\/\/www.vlvtexteis.com\/wp-content\/uploads\/2023\/03\/vlvtexteis-logo.png","contentUrl":"https:\/\/www.vlvtexteis.com\/wp-content\/uploads\/2023\/03\/vlvtexteis-logo.png","width":180,"height":89,"caption":"VLV T\u00eaxtil, Lda."},"image":{"@id":"https:\/\/www.vlvtexteis.com\/es\/#\/schema\/logo\/image\/"}}]}},"_links":{"self":[{"href":"https:\/\/www.vlvtexteis.com\/es\/wp-json\/wp\/v2\/pages\/473","targetHints":{"allow":["GET"]}}],"collection":[{"href":"https:\/\/www.vlvtexteis.com\/es\/wp-json\/wp\/v2\/pages"}],"about":[{"href":"https:\/\/www.vlvtexteis.com\/es\/wp-json\/wp\/v2\/types\/page"}],"author":[{"embeddable":true,"href":"https:\/\/www.vlvtexteis.com\/es\/wp-json\/wp\/v2\/users\/1"}],"replies":[{"embeddable":true,"href":"https:\/\/www.vlvtexteis.com\/es\/wp-json\/wp\/v2\/comments?post=473"}],"version-history":[{"count":0,"href":"https:\/\/www.vlvtexteis.com\/es\/wp-json\/wp\/v2\/pages\/473\/revisions"}],"wp:attachment":[{"href":"https:\/\/www.vlvtexteis.com\/es\/wp-json\/wp\/v2\/media?parent=473"}],"curies":[{"name":"wp","href":"https:\/\/api.w.org\/{rel}","templated":true}]}}