{"id":479,"date":"2023-03-02T16:14:55","date_gmt":"2023-03-02T16:14:55","guid":{"rendered":"https:\/\/www.vlvtexteis.com\/contactos\/"},"modified":"2023-03-06T11:46:13","modified_gmt":"2023-03-06T11:46:13","slug":"contacts","status":"publish","type":"page","link":"https:\/\/www.vlvtexteis.com\/fr\/contacts\/","title":{"rendered":"Contacts"},"content":{"rendered":"\n<div class=\"wp-block-columns is-layout-flex wp-container-core-columns-layout-1 wp-block-columns-is-layout-flex\">\n<div class=\"wp-block-column is-layout-flow wp-block-column-is-layout-flow\">\n<h3 class=\"wp-block-heading\">Adresse<\/h3>\n\n\n\n<p>Zona Industrial de Tamel S.Ver\u00edssimo Fase 2 Pavilh\u00e3o 13<br>4750 \u2013 734 Tamel S. Ver\u00edssimo<br>Barcelos &#8211; Portugal&nbsp;<\/p>\n<\/div>\n\n\n\n<div class=\"wp-block-column is-layout-flow wp-block-column-is-layout-flow\">\n<h3 class=\"wp-block-heading\">GPS<\/h3>\n\n\n\n<p>Latitude: 41\u00ba 55&prime; 416&Prime;<br>Longitude: -8\u00aa 58&prime; 4584&Prime;<\/p>\n<\/div>\n\n\n\n<div class=\"wp-block-column is-layout-flow wp-block-column-is-layout-flow\">\n<h3 class=\"wp-block-heading\">Contacts<\/h3>\n\n\n\n<p><strong>Tel:<\/strong>&nbsp;<a href=\"tel:00351253894013\">+351 253 894 013<\/a><br><strong>E-mail:<\/strong> <a href=\"mailto:geral@vlvtexteis.com\">geral@vlvtexteis.com<\/a><\/p>\n<\/div>\n<\/div>\n\n\n\n<p><\/p>\n\n\n\n<iframe src=\"https:\/\/www.google.com\/maps\/embed?pb=!1m18!1m12!1m3!1d668.5278810749913!2d-8.584747323572875!3d41.55408182134676!2m3!1f0!2f0!3f0!3m2!1i1024!2i768!4f13.1!3m3!1m2!1s0xd24538976ae69e9%3A0x582a27725687c25!2sVLV%20T%C3%AAxteis%20Lda!5e0!3m2!1sen!2spt!4v1677774492825!5m2!1sen!2spt\" width=\"600\" height=\"450\" style=\"border:0;\" allowfullscreen=\"\" loading=\"lazy\" referrerpolicy=\"no-referrer-when-downgrade\"><\/iframe>\n\n\n\n<div style=\"height:100px\" aria-hidden=\"true\" class=\"wp-block-spacer\"><\/div>\n\n\n\n<h3 class=\"wp-block-heading\">Nous contacter<\/h3>\n\n\n\n<div class=\"wpcf7 no-js\" id=\"wpcf7-f506-o1\" lang=\"fr-FR\" dir=\"ltr\">\n<div class=\"screen-reader-response\"><p role=\"status\" aria-live=\"polite\" aria-atomic=\"true\"><\/p> <ul><\/ul><\/div>\n<form action=\"\/fr\/wp-json\/wp\/v2\/pages\/479#wpcf7-f506-o1\" method=\"post\" class=\"wpcf7-form init\" aria-label=\"Formulaire de contact\" novalidate=\"novalidate\" data-status=\"init\">\n<div style=\"display: none;\">\n<input type=\"hidden\" name=\"_wpcf7\" value=\"506\" \/>\n<input type=\"hidden\" name=\"_wpcf7_version\" value=\"5.7.4\" \/>\n<input type=\"hidden\" name=\"_wpcf7_locale\" value=\"fr_FR\" \/>\n<input type=\"hidden\" name=\"_wpcf7_unit_tag\" value=\"wpcf7-f506-o1\" \/>\n<input type=\"hidden\" name=\"_wpcf7_container_post\" value=\"0\" \/>\n<input type=\"hidden\" name=\"_wpcf7_posted_data_hash\" value=\"\" \/>\n<input type=\"hidden\" name=\"_wpcf7_recaptcha_response\" value=\"\" \/>\n<\/div>\n<p><span class=\"wpcf7-form-control-wrap\" data-name=\"nome\"><input size=\"40\" class=\"wpcf7-form-control wpcf7-text wpcf7-validates-as-required\" aria-required=\"true\" aria-invalid=\"false\" placeholder=\"Nom\" value=\"\" type=\"text\" name=\"nome\" \/><\/span>\n<\/p>\n<p><span class=\"wpcf7-form-control-wrap\" data-name=\"email\"><input size=\"40\" class=\"wpcf7-form-control wpcf7-text wpcf7-email wpcf7-validates-as-required wpcf7-validates-as-email\" aria-required=\"true\" aria-invalid=\"false\" placeholder=\"Email\" value=\"\" type=\"email\" name=\"email\" \/><\/span>\n<\/p>\n<p><span class=\"wpcf7-form-control-wrap\" data-name=\"mensagem\"><textarea cols=\"40\" rows=\"10\" class=\"wpcf7-form-control wpcf7-textarea wpcf7-validates-as-required\" aria-required=\"true\" aria-invalid=\"false\" placeholder=\"Message\" name=\"mensagem\"><\/textarea><\/span>\n<\/p>\n<p><input class=\"wpcf7-form-control has-spinner wpcf7-submit\" type=\"submit\" value=\"Envoyer\" \/>\n<\/p><div class=\"wpcf7-response-output\" aria-hidden=\"true\"><\/div>\n<\/form>\n<\/div>\n\n","protected":false},"excerpt":{"rendered":"<p>Adresse Zona Industrial de Tamel S.Ver\u00edssimo Fase 2 Pavilh\u00e3o 134750 \u2013 734 Tamel S. Ver\u00edssimoBarcelos &#8211; Portugal&nbsp; GPS Latitude: 41\u00ba 55&prime; 416&Prime;Longitude: -8\u00aa 58&prime; 4584&Prime; Contacts Tel:&nbsp;+351 253 894 013E-mail: geral@vlvtexteis.com Nous contacter<\/p>\n","protected":false},"author":1,"featured_media":0,"parent":0,"menu_order":0,"comment_status":"closed","ping_status":"closed","template":"","meta":{"footnotes":""},"blocksy_meta":"","featured_image_urls":{"full":"","thumbnail":"","medium":"","medium_large":"","large":"","1536x1536":"","2048x2048":"","gg_gallery_thumbnail":""},"post_excerpt_stackable":"<p>Adresse Zona Industrial de Tamel S.Ver\u00edssimo Fase 2 Pavilh\u00e3o 134750 \u2013 734 Tamel S. Ver\u00edssimoBarcelos &#8211; Portugal&nbsp; GPS Latitude: 41\u00ba 55&prime; 416&Prime;Longitude: -8\u00aa 58&prime; 4584&Prime; Contacts Tel:&nbsp;+351 253 894 013E-mail: geral@vlvtexteis.com Nous contacter<\/p>\n","category_list":"","author_info":{"name":"brandit","url":"https:\/\/www.vlvtexteis.com\/fr\/author\/brandit\/"},"comments_num":"0 commentaire","yoast_head":"<!-- This site is optimized with the Yoast SEO plugin v20.3 - https:\/\/yoast.com\/wordpress\/plugins\/seo\/ -->\n<title>Contacts - VLV t\u00eaxteis, lda.<\/title>\n<meta name=\"robots\" content=\"index, follow, max-snippet:-1, max-image-preview:large, max-video-preview:-1\" \/>\n<link rel=\"canonical\" href=\"https:\/\/www.vlvtexteis.com\/fr\/contacts\/\" \/>\n<meta property=\"og:locale\" content=\"fr_FR\" \/>\n<meta property=\"og:type\" content=\"article\" \/>\n<meta property=\"og:title\" content=\"Contacts - VLV t\u00eaxteis, lda.\" \/>\n<meta property=\"og:description\" content=\"Adresse Zona Industrial de Tamel S.Ver\u00edssimo Fase 2 Pavilh\u00e3o 134750 \u2013 734 Tamel S. Ver\u00edssimoBarcelos &#8211; Portugal&nbsp; GPS Latitude: 41\u00ba 55&prime; 416&Prime;Longitude: -8\u00aa 58&prime; 4584&Prime; Contacts Tel:&nbsp;+351 253 894 013E-mail: geral@vlvtexteis.com Nous contacter\" \/>\n<meta property=\"og:url\" content=\"https:\/\/www.vlvtexteis.com\/fr\/contacts\/\" \/>\n<meta property=\"og:site_name\" content=\"VLV t\u00eaxteis, lda.\" \/>\n<meta property=\"article:modified_time\" content=\"2023-03-06T11:46:13+00:00\" \/>\n<meta property=\"og:image\" content=\"https:\/\/www.vlvtexteis.com\/wp-content\/uploads\/2023\/03\/vlvtexteis-logo.png\" \/>\n\t<meta property=\"og:image:width\" content=\"180\" \/>\n\t<meta property=\"og:image:height\" content=\"89\" \/>\n\t<meta property=\"og:image:type\" content=\"image\/png\" \/>\n<meta name=\"twitter:card\" content=\"summary_large_image\" \/>\n<script type=\"application\/ld+json\" class=\"yoast-schema-graph\">{\"@context\":\"https:\/\/schema.org\",\"@graph\":[{\"@type\":\"WebPage\",\"@id\":\"https:\/\/www.vlvtexteis.com\/fr\/contacts\/\",\"url\":\"https:\/\/www.vlvtexteis.com\/fr\/contacts\/\",\"name\":\"Contacts - VLV t\u00eaxteis, lda.\",\"isPartOf\":{\"@id\":\"https:\/\/www.vlvtexteis.com\/fr\/#website\"},\"datePublished\":\"2023-03-02T16:14:55+00:00\",\"dateModified\":\"2023-03-06T11:46:13+00:00\",\"breadcrumb\":{\"@id\":\"https:\/\/www.vlvtexteis.com\/fr\/contacts\/#breadcrumb\"},\"inLanguage\":\"fr-FR\",\"potentialAction\":[{\"@type\":\"ReadAction\",\"target\":[\"https:\/\/www.vlvtexteis.com\/fr\/contacts\/\"]}]},{\"@type\":\"BreadcrumbList\",\"@id\":\"https:\/\/www.vlvtexteis.com\/fr\/contacts\/#breadcrumb\",\"itemListElement\":[{\"@type\":\"ListItem\",\"position\":1,\"name\":\"In\u00edcio\",\"item\":\"https:\/\/www.vlvtexteis.com\/fr\/\"},{\"@type\":\"ListItem\",\"position\":2,\"name\":\"Contacts\"}]},{\"@type\":\"WebSite\",\"@id\":\"https:\/\/www.vlvtexteis.com\/fr\/#website\",\"url\":\"https:\/\/www.vlvtexteis.com\/fr\/\",\"name\":\"VLV T\u00eaxteis, Lda.\",\"description\":\"Fabricante de malhas em Tamel (S\u00e3o Ver\u00edssimo)\",\"publisher\":{\"@id\":\"https:\/\/www.vlvtexteis.com\/fr\/#organization\"},\"alternateName\":\"VLVTexteis\",\"potentialAction\":[{\"@type\":\"SearchAction\",\"target\":{\"@type\":\"EntryPoint\",\"urlTemplate\":\"https:\/\/www.vlvtexteis.com\/fr\/?s={search_term_string}\"},\"query-input\":\"required name=search_term_string\"}],\"inLanguage\":\"fr-FR\"},{\"@type\":\"Organization\",\"@id\":\"https:\/\/www.vlvtexteis.com\/fr\/#organization\",\"name\":\"VLV T\u00eaxtil, Lda.\",\"alternateName\":\"VLVT\u00eaxtil\",\"url\":\"https:\/\/www.vlvtexteis.com\/fr\/\",\"logo\":{\"@type\":\"ImageObject\",\"inLanguage\":\"fr-FR\",\"@id\":\"https:\/\/www.vlvtexteis.com\/fr\/#\/schema\/logo\/image\/\",\"url\":\"https:\/\/www.vlvtexteis.com\/wp-content\/uploads\/2023\/03\/vlvtexteis-logo.png\",\"contentUrl\":\"https:\/\/www.vlvtexteis.com\/wp-content\/uploads\/2023\/03\/vlvtexteis-logo.png\",\"width\":180,\"height\":89,\"caption\":\"VLV T\u00eaxtil, Lda.\"},\"image\":{\"@id\":\"https:\/\/www.vlvtexteis.com\/fr\/#\/schema\/logo\/image\/\"}}]}<\/script>\n<!-- \/ Yoast SEO plugin. -->","yoast_head_json":{"title":"Contacts - VLV t\u00eaxteis, lda.","robots":{"index":"index","follow":"follow","max-snippet":"max-snippet:-1","max-image-preview":"max-image-preview:large","max-video-preview":"max-video-preview:-1"},"canonical":"https:\/\/www.vlvtexteis.com\/fr\/contacts\/","og_locale":"fr_FR","og_type":"article","og_title":"Contacts - VLV t\u00eaxteis, lda.","og_description":"Adresse Zona Industrial de Tamel S.Ver\u00edssimo Fase 2 Pavilh\u00e3o 134750 \u2013 734 Tamel S. Ver\u00edssimoBarcelos &#8211; Portugal&nbsp; GPS Latitude: 41\u00ba 55&prime; 416&Prime;Longitude: -8\u00aa 58&prime; 4584&Prime; Contacts Tel:&nbsp;+351 253 894 013E-mail: geral@vlvtexteis.com Nous contacter","og_url":"https:\/\/www.vlvtexteis.com\/fr\/contacts\/","og_site_name":"VLV t\u00eaxteis, lda.","article_modified_time":"2023-03-06T11:46:13+00:00","og_image":[{"width":180,"height":89,"url":"https:\/\/www.vlvtexteis.com\/wp-content\/uploads\/2023\/03\/vlvtexteis-logo.png","type":"image\/png"}],"twitter_card":"summary_large_image","schema":{"@context":"https:\/\/schema.org","@graph":[{"@type":"WebPage","@id":"https:\/\/www.vlvtexteis.com\/fr\/contacts\/","url":"https:\/\/www.vlvtexteis.com\/fr\/contacts\/","name":"Contacts - VLV t\u00eaxteis, lda.","isPartOf":{"@id":"https:\/\/www.vlvtexteis.com\/fr\/#website"},"datePublished":"2023-03-02T16:14:55+00:00","dateModified":"2023-03-06T11:46:13+00:00","breadcrumb":{"@id":"https:\/\/www.vlvtexteis.com\/fr\/contacts\/#breadcrumb"},"inLanguage":"fr-FR","potentialAction":[{"@type":"ReadAction","target":["https:\/\/www.vlvtexteis.com\/fr\/contacts\/"]}]},{"@type":"BreadcrumbList","@id":"https:\/\/www.vlvtexteis.com\/fr\/contacts\/#breadcrumb","itemListElement":[{"@type":"ListItem","position":1,"name":"In\u00edcio","item":"https:\/\/www.vlvtexteis.com\/fr\/"},{"@type":"ListItem","position":2,"name":"Contacts"}]},{"@type":"WebSite","@id":"https:\/\/www.vlvtexteis.com\/fr\/#website","url":"https:\/\/www.vlvtexteis.com\/fr\/","name":"VLV T\u00eaxteis, Lda.","description":"Fabricante de malhas em Tamel (S\u00e3o Ver\u00edssimo)","publisher":{"@id":"https:\/\/www.vlvtexteis.com\/fr\/#organization"},"alternateName":"VLVTexteis","potentialAction":[{"@type":"SearchAction","target":{"@type":"EntryPoint","urlTemplate":"https:\/\/www.vlvtexteis.com\/fr\/?s={search_term_string}"},"query-input":"required name=search_term_string"}],"inLanguage":"fr-FR"},{"@type":"Organization","@id":"https:\/\/www.vlvtexteis.com\/fr\/#organization","name":"VLV T\u00eaxtil, Lda.","alternateName":"VLVT\u00eaxtil","url":"https:\/\/www.vlvtexteis.com\/fr\/","logo":{"@type":"ImageObject","inLanguage":"fr-FR","@id":"https:\/\/www.vlvtexteis.com\/fr\/#\/schema\/logo\/image\/","url":"https:\/\/www.vlvtexteis.com\/wp-content\/uploads\/2023\/03\/vlvtexteis-logo.png","contentUrl":"https:\/\/www.vlvtexteis.com\/wp-content\/uploads\/2023\/03\/vlvtexteis-logo.png","width":180,"height":89,"caption":"VLV T\u00eaxtil, Lda."},"image":{"@id":"https:\/\/www.vlvtexteis.com\/fr\/#\/schema\/logo\/image\/"}}]}},"_links":{"self":[{"href":"https:\/\/www.vlvtexteis.com\/fr\/wp-json\/wp\/v2\/pages\/479"}],"collection":[{"href":"https:\/\/www.vlvtexteis.com\/fr\/wp-json\/wp\/v2\/pages"}],"about":[{"href":"https:\/\/www.vlvtexteis.com\/fr\/wp-json\/wp\/v2\/types\/page"}],"author":[{"embeddable":true,"href":"https:\/\/www.vlvtexteis.com\/fr\/wp-json\/wp\/v2\/users\/1"}],"replies":[{"embeddable":true,"href":"https:\/\/www.vlvtexteis.com\/fr\/wp-json\/wp\/v2\/comments?post=479"}],"version-history":[{"count":0,"href":"https:\/\/www.vlvtexteis.com\/fr\/wp-json\/wp\/v2\/pages\/479\/revisions"}],"wp:attachment":[{"href":"https:\/\/www.vlvtexteis.com\/fr\/wp-json\/wp\/v2\/media?parent=479"}],"curies":[{"name":"wp","href":"https:\/\/api.w.org\/{rel}","templated":true}]}}